{"id":181,"date":"2020-11-02T11:52:41","date_gmt":"2020-11-02T10:52:41","guid":{"rendered":"https:\/\/serwer1310976.home.pl\/wordpress\/?page_id=181"},"modified":"2026-03-20T14:31:22","modified_gmt":"2026-03-20T13:31:22","slug":"klauzula-dostepnosci","status":"publish","type":"page","link":"https:\/\/zs2kolobrzeg.pl\/index.php\/klauzula-dostepnosci\/","title":{"rendered":"Deklaracja dost\u0119pno\u015bci"},"content":{"rendered":"<h2 id=\"a11y-wstep\">Deklaracja dost\u0119pno\u015bci Zespo\u0142u Szk\u00f3\u0142 nr 2 im. Boles\u0142awa III Krzywoustego w Ko\u0142obrzegu<\/h2>\n<p><span id=\"a11y-podmiot\">Zesp\u00f3\u0142 Szk\u00f3\u0142 nr 2 im. Boles\u0142awa III Krzywoustego w Ko\u0142obrzegu <\/span>zobowi\u0105zuje si\u0119 zapewni\u0107 dost\u0119pno\u015b\u0107 swojej strony internetowej zgodnie z przepisami ustawy z dnia 4\u00a0kwietnia 2019\u00a0r. o\u00a0dost\u0119pno\u015bci cyfrowej stron internetowych i\u00a0aplikacji mobilnych podmiot\u00f3w publicznych. O\u015bwiadczenie w sprawie dost\u0119pno\u015bci ma zastosowanie do <a href=\"http:\/\/zs2kolobrzeg.pl\">strony internetowej Zespo\u0142u Szk\u00f3\u0142 nr 2 im. Boles\u0142awa III Krzywoustego w Ko\u0142obrzegu.<\/a><\/p>\n<ul>\n<li>Data publikacji strony internetowej: <span id=\"a11y-data-publikacja\">2013-03-07<\/span><\/li>\n<li>Data ostatniej istotnej aktualizacji: <span id=\"a11y-data-aktualizacja\">2020-12-13<\/span><\/li>\n<\/ul>\n<h2>Status pod wzgl\u0119dem zgodno\u015bci z ustaw\u0105<\/h2>\n<p>Strona internetowa jest <strong id=\"a11y-status\">cz\u0119\u015bciowo zgodna<\/strong> z\u00a0ustaw\u0105 o\u00a0dost\u0119pno\u015bci cyfrowej stron internetowych i\u00a0aplikacji mobilnych podmiot\u00f3w publicznych z\u00a0powodu niezgodno\u015bci lub wy\u0142\u0105cze\u0144 wymienionych poni\u017cej.<\/p>\n<p id=\"a11y-status\">Na stronie internetowej mo\u017cna korzysta\u0107 ze standardowych skr\u00f3t\u00f3w klawiaturowych.<\/p>\n<h3>Tre\u015bci niedost\u0119pne<\/h3>\n<ul>\n<li>Strona zawiera drobne b\u0142\u0119dy kodu, kt\u00f3re nie maj\u0105 wp\u0142ywu na korzystanie ze strony- na nawigacj\u0119 i poruszanie si\u0119 po stronie.<\/li>\n<li>Strona mo\u017ce zawiera\u0107 dokumenty pakiet\u00f3w biurowych LibreOffice i Microsoft Office i pliki PDF kt\u00f3re mog\u0105 nie by\u0107 w pe\u0142ni dost\u0119pne. Pliki mo\u017cna odczyta\u0107 za pomoc\u0105 og\u00f3lnodost\u0119pnych narz\u0119dzi, w kt\u00f3re wyposa\u017cone s\u0105 przegl\u0105darki internetowe (np. Czytaj tekst).<strong><br \/><\/strong><\/li>\n<li>Filmy nie posiadaj\u0105 napis\u00f3w dla os\u00f3b nies\u0142ysz\u0105cych.<\/li>\n<\/ul>\n<h3>Przygotowanie deklaracji w sprawie dost\u0119pno\u015bci<\/h3>\n<ul>\n<li>Deklaracj\u0119 sporz\u0105dzono dnia: <span id=\"a11y-data-sporzadzenie\">2020-09-30<\/span><\/li>\n<li>Deklaracj\u0119 zosta\u0142a ostatnio poddana przegl\u0105dowi i aktualizacji dnia: 2026-03-17<\/li>\n<\/ul>\n<p>Deklaracj\u0119 sporz\u0105dzono na podstawie samooceny przeprowadzonej przez podmiot publiczny.<\/p>\n<h2 id=\"a11y-kontakt\">Informacje zwrotne i dane kontaktowe<\/h2>\n<ul>\n<li>Za rozpatrywanie uwag i wniosk\u00f3w odpowiada koordynator d\/s dost\u0119pno\u015bci: <span id=\"a11y-osoba\">Bartosz Sta\u0144czyk<\/span>.<\/li>\n<li>E-mail: <span id=\"a11y-email\">b_stanczyk@zs2kolobrzeg.com<\/span><\/li>\n<li>Telefon: <span id=\"a11y-telefon\">943523936 w. 14.<br \/><\/span><\/li>\n<\/ul>\n<p id=\"a11y-procedura\">Na podstawie Art.18.(1-6): Ka\u017cdy ma prawo do wyst\u0105pienia z \u017c\u0105daniem zapewnienia dost\u0119pno\u015bci cyfrowej strony internetowej, aplikacji mobilnej lub jakiego\u015b ich elementu. Mo\u017cna tak\u017ce za\u017c\u0105da\u0107 udost\u0119pnienia informacji za pomoc\u0105 alternatywnego sposobu dost\u0119pu, na przyk\u0142ad przez odczytanie niedost\u0119pnego cyfrowo dokumentu, opisanie zawarto\u015bci filmu bez audiodeskrypcji itp.<\/p>\n<p>\u017b\u0105danie powinno zawiera\u0107 dane osoby zg\u0142aszaj\u0105cej \u017c\u0105danie, wskazanie, o kt\u00f3r\u0105 stron\u0119 internetow\u0105 lub aplikacj\u0119 mobiln\u0105 chodzi oraz spos\u00f3b kontaktu. Je\u017celi osoba \u017c\u0105daj\u0105ca zg\u0142asza potrzeb\u0119 otrzymania informacji za pomoc\u0105 alternatywnego sposobu dost\u0119pu, powinna tak\u017ce okre\u015bli\u0107 dogodny dla niej spos\u00f3b przedstawienia tej informacji.<\/p>\n<p>Podmiot publiczny powinien zrealizowa\u0107 \u017c\u0105danie niezw\u0142ocznie, nie p\u00f3\u017aniej ni\u017c w ci\u0105gu 7 dni od dnia wyst\u0105pienia z \u017c\u0105daniem. Je\u017celi dotrzymanie tego terminu nie jest mo\u017cliwe, podmiot publiczny niezw\u0142ocznie informuje o tym wnosz\u0105cego \u017c\u0105danie, kiedy realizacja \u017c\u0105dania b\u0119dzie mo\u017cliwa, przy czym termin ten nie mo\u017ce by\u0107 d\u0142u\u017cszy ni\u017c 2 miesi\u0105ce od dnia wyst\u0105pienia z \u017c\u0105daniem.<\/p>\n<p>Je\u017celi zapewnienie dost\u0119pno\u015bci cyfrowej nie jest mo\u017cliwe, podmiot publiczny mo\u017ce zaproponowa\u0107 alternatywny spos\u00f3b dost\u0119pu do informacji.<\/p>\n<h3>Skargi i odwo\u0142ania<\/h3>\n<p>Na niedotrzymanie tych termin\u00f3w oraz na odmow\u0119 realizacji \u017c\u0105dania mo\u017cna z\u0142o\u017cy\u0107 skarg\u0119 do organu nadzoruj\u0105cego poczt\u0105 lub drog\u0105 elektroniczn\u0105 na adres:<\/p>\n<ul>\n<li>Organ nadzoruj\u0105cy: Dyrektor Zespo\u0142u Szk\u00f3\u0142 nr 2 im. Boles\u0142awa III Krzywoustego w Ko\u0142obrzegu<\/li>\n<li>Adres: ul. Piastowska 5, 78-100 Ko\u0142obrzeg<\/li>\n<li>e-mail: branzowa@zs2.kolobrzeg.pl<\/li>\n<li>Telefon: 943523936<\/li>\n<\/ul>\n<p>Skarg\u0119 mo\u017cna z\u0142o\u017cy\u0107 r\u00f3wnie\u017c do <a href=\"https:\/\/www.rpo.gov.pl\/content\/jak-zglosic-sie-do-rzecznika-praw-obywatelskich\">Rzecznika Praw Obywatelskich<\/a>.<\/p>\n<h2 id=\"a11y-architektura\">Dost\u0119pno\u015b\u0107 architektoniczna<\/h2>\n<p><strong>Zespo\u0142u Szk\u00f3\u0142 nr 2 im. Boles\u0142awa III Krzywoustego w Ko\u0142obrzegu<\/strong><\/p>\n<p>&nbsp;<\/p>\n\n\n<\/p>\n<p><strong>Lokalizacje<\/strong><br \/>-budynek przy ul. Piastowskiej 5 (siedziba Zespo\u0142u Szk\u00f3\u0142 nr 2 im. Boles\u0142awa III Krzywoustego w Ko\u0142obrzegu,<br \/>-budynek przy ul. Piastowskiej 9.<\/p>\n<p>\n\n\n\n<\/p>\n<h5 class=\"wp-block-heading\">Budynek Zespo\u0142u Szk\u00f3\u0142 nr 2 im. Boles\u0142awa III Krzywoustego w Ko\u0142obrzegu ul. Piastowska 5<\/h5>\n<p>\n\n<\/p>\n<p><strong>Do budynku prowadz\u0105 dwa wej\u015bcia: od ul. Piastowskiej oraz od ul. Wary\u0144skiego (przej\u015bcie w \u015bwietle budynku nr 8-8A od podw\u00f3rka).<br \/>Nad wej\u015bciami nie ma g\u0142o\u015bnik\u00f3w systemu naprowadzaj\u0105cego d\u017awi\u0119kowo osoby niewidome i s\u0142abowidz\u0105ce.<\/strong><\/p>\n<p>\n\n\n<\/p>\n<p>Przed wej\u015bciami do budynku znajduj\u0105 si\u0119 og\u00f3lnodost\u0119pne miejsca parkingowe. <strong>Brak miejsc parkingowych przeznaczonych dla os\u00f3b niepe\u0142nosprawnych.<\/strong><\/p>\n<p>\n\n\n<\/p>\n<p>Schody prowadz\u0105ce na wy\u017csze kondygnacje nie s\u0105 dostosowane do korzystania przez osoby z niepe\u0142nosprawno\u015bci\u0105 ruchow\u0105 &#8211;<strong>brak windy, platform przyschodowych, podno\u015bnik\u00f3w platformowych umo\u017cliwiaj\u0105cych poruszanie si\u0119 osobom na w\u00f3zkach.<\/strong><\/p>\n<p>\n\n\n<\/p>\n<p>Toalety znajduj\u0105 si\u0119 na poziomie sali gimnastycznej (przy wej\u015bciu od ul. Wary\u0144skiego, poziom ziemi).<strong> Brak toalety dostosowanej dla os\u00f3b niepe\u0142nosprawnych<\/strong>. Z poziomu, na kt\u00f3rym znajduje si\u0119 sekretariat-biuro podawcze, do toalety prowadz\u0105 szerokie schody w d\u00f3\u0142.<\/p>\n<p>\n\n\n<\/p>\n<p><strong>Do budynku szko\u0142y mo\u017cna wej\u015b\u0107 z psem asystuj\u0105cym i psem przewodnikiem.<\/strong><\/p>\n<p>\n\n\n<\/p>\n<p><strong>W budynku nie ma p\u0119tli indukcyjnych.<\/strong><\/p>\n<p>\n\n\n<\/p>\n<p><strong>W budynku nie ma oznacze\u0144 w alfabecie Braille&#8217;a ani oznacze\u0144 kontrastowych (opr\u00f3cz oznacze\u0144 ta\u015bm\u0105 ostrzegawcz\u0105 schod\u00f3w w wej\u015bciu oraz schodach wewn\u0105trz budynku, na kra\u0144cowych stopniach ci\u0105g\u00f3w schod\u00f3w) lub w druku powi\u0119kszonym dla os\u00f3b niewidomych i s\u0142abowidz\u0105cych.<\/strong><\/p>\n<p>\n\n\n<\/p>\n<p><strong>Wej\u015bcie od ul. Piastowskiej<\/strong><\/p>\n<p>\n\n\n<\/p>\n<p>Do wej\u015bcia do budynku prowadz\u0105 schody kamienne. Drzwi wej\u015bciowe s\u0105 dwuskrzyd\u0142owe, nieautomatyczne.<br \/>Do wej\u015bcia na parter (w przedsionku) prowadz\u0105 dwa ci\u0105gi kilkustopniowych schod\u00f3w. Kraw\u0119dzie kra\u0144cowe ci\u0105g\u00f3w schod\u00f3w wewn\u0105trz budynku oznaczone s\u0105 kontrastow\u0105 ta\u015bm\u0105.<br \/><strong>Na wprost wej\u015bcia, w przedsionku, znajduje si\u0119 tablica informacyjna o kontrastowej kolorystyce.<\/strong><br \/>Sekretariat (biuro podawcze) znajduje si\u0119 na parterze, na wprost wej\u015bcia na parter. Lada w sekretariacie nie jest obni\u017cona.<br \/>W budynku szko\u0142y znajduj\u0105 si\u0119, opr\u00f3cz sal lekcyjnych usytuowanych na parterze oraz pi\u0119trach I-III, gabinet dyrektora (I pi\u0119tro), gabinety wicedyrektor\u00f3w, gabinet pedagog\u00f3w i kierownika gospodarczego (p\u00f3\u0142pi\u0119tro) i kadr (I pi\u0119tro).<\/p>\n<p>\n\n\n<\/p>\n<p><strong>Wej\u015bcie od ul. Wary\u0144skiego<\/strong><\/p>\n<p>\n\n\n<\/p>\n<p>Wej\u015bcie do budynku z poziomu ziemi. Drzwi jednoskrzyd\u0142owe 80 cm.<br \/>Do wej\u015bcia na parter (sekretariat-biuro podawcze) prowadzi ci\u0105g schod\u00f3w w g\u00f3r\u0119.<\/p>\n<p>\n\n\n<\/p>\n<h5 class=\"wp-block-heading\">Budynek Zespo\u0142u Szk\u00f3\u0142 nr 2 im. Boles\u0142awa III Krzywoustego w Ko\u0142obrzegu ul. Piastowska 9<\/h5>\n<p>\n\n\n<\/p>\n<p>\n\n\n<\/p>\n<p><strong>Do budynku prowadz\u0105 dwa wej\u015bcia: od ul. Piastowskiej oraz od strony dziedzi\u0144ca- przej\u015bcie na dziedziniec drog\u0105 osiedlow\u0105 usytuowan\u0105 przy budynku mieszkalnym przy Pl. 18 Marca (po lewej stronie budynku szko\u0142y).<\/strong><\/p>\n<p>\n\n\n<\/p>\n<p>Przed wej\u015bciami do budynku znajduj\u0105 si\u0119 og\u00f3lnodost\u0119pne miejsca parkingowe. <strong>Brak miejsc parkingowych przeznaczonych dla os\u00f3b niepe\u0142nosprawnych.<\/strong><\/p>\n<p>\n\n\n<\/p>\n<p><strong>Nad wej\u015bciami nie ma g\u0142o\u015bnik\u00f3w systemu naprowadzaj\u0105cego d\u017awi\u0119kowo osoby niewidome i s\u0142abowidz\u0105ce.<br \/>W budynku brak tablicy informacyjnej.<\/strong><\/p>\n<p>\n\n\n<\/p>\n<p><strong>Do budynku szko\u0142y mo\u017cna wej\u015b\u0107 z psem asystuj\u0105cym i psem przewodnikiem.<\/strong><\/p>\n<p>\n\n\n<\/p>\n<p><strong>W budynku nie ma p\u0119tli indukcyjnych<\/strong>.<\/p>\n<p>\n\n\n<\/p>\n<p><strong>W budynku nie ma oznacze\u0144 w alfabecie Braille&#8217;a ani oznacze\u0144 kontrastowych (opr\u00f3cz oznacze\u0144 ta\u015bm\u0105 ostrzegawcz\u0105 schod\u00f3w w wej\u015bciu oraz schodach wewn\u0105trz budynku, na kra\u0144cowych stopniach ci\u0105g\u00f3w schod\u00f3w) lub w druku powi\u0119kszonym dla os\u00f3b niewidomych i s\u0142abowidz\u0105cych.<\/strong><\/p>\n<p>\n\n\n<\/p>\n<p>W budynku znajduje si\u0119 jedna klatka schodowa. Schody prowadz\u0105ce na wy\u017csze kondygnacje nie s\u0105 dostosowane do korzystania przez osoby z niepe\u0142nosprawno\u015bci\u0105 ruchow\u0105 &#8211; <strong>w budynku brak windy, platform przyschodowych, podno\u015bnik\u00f3w platformowych umo\u017cliwiaj\u0105cych poruszanie si\u0119 osobom na w\u00f3zkach.<\/strong><\/p>\n<p>\n\n\n<\/p>\n<p><strong>Wej\u015bcie od ulicy Piastowskiej<\/strong><\/p>\n<p>\n\n\n<\/p>\n<p>Do wej\u015bcia do budynku prowadz\u0105 drzwi wej\u015bciowe, nieautomatyczne. W progu wej\u015bcia do wn\u0119trza budynku znajduje si\u0119 1 stopie\u0144 w d\u00f3\u0142, oznaczony kontrastow\u0105 ta\u015bm\u0105 ostrzegawcz\u0105.<\/p>\n<p>\n\n\n<\/p>\n<p>W budynku znajduj\u0105 si\u0119: gabinet ksi\u0119gowo\u015bci (I pi\u0119tro), sale lekcyjne (II pi\u0119tro), gabinet kierownika szkolenia praktycznego (II pi\u0119tro), profilaktyki zdrowotnej i pomocy przedlekarskiej (II pi\u0119tro), gabinet psychologa (III pi\u0119tro).<\/p>\n<p>\n\n\n<\/p>\n<p><strong>Toaleta <\/strong>znajduje si\u0119 na II pi\u0119trze. <strong>Nie jest dostosowana dla os\u00f3b niepe\u0142nosprawnych.<\/strong><\/p>\n<p>\n\n\n<\/p>\n<p><strong>Wej\u015bcie od dziedzi\u0144ca \u2013 do pracowni gastronomicznej<\/strong><\/p>\n<p>\n\n\n<\/p>\n<p>Do wej\u015bcia do budynku prowadz\u0105 drzwi wej\u015bciowe, nieautomatyczne. Wej\u015bcie z poziomu ziemi.<\/p>\n<p>\n\n\n<\/p>\n<p>W budynku znajduje si\u0119 szkolna pracownia gastronomiczna.<\/p>\n<p>\n\n\n<\/p>\n<p>Brak og\u00f3lnodost\u0119pnej toalety.<\/p>\n<p>\n\n\n<\/p>\n<h4 class=\"wp-block-heading\">Informacja o mo\u017cliwo\u015bci skorzystania z t\u0142umacza migowego<\/h4>\n<p>\n\n\n<\/p>\n<p>1.kwietnia 2012 r. wesz\u0142a w \u017cycie ustawa o j\u0119zyku migowym i innych \u015brodkach komunikowania si\u0119, kt\u00f3ra daje prawo osobom nies\u0142ysz\u0105cym i g\u0142uchoniemym do skorzystania z us\u0142ug t\u0142umacza j\u0119zyka migowego przy za\u0142atwianiu spraw w szkole.<\/p>\n<p>\n\n\n<\/p>\n<p>W zwi\u0105zku z powy\u017cszym, osoby zainteresowane pomoc\u0105 t\u0142umacza, powinny zg\u0142osi\u0107 ch\u0119\u0107 skorzystania ze \u015bwiadczenia ze wskazaniem wybranej metody komunikowania si\u0119 w terminie co najmniej na 3 dni robocze przed tym zdarzeniem-z wy\u0142\u0105czeniem sytuacji nag\u0142ych- w sekretariacie Zespo\u0142u Szk\u00f3\u0142 nr 2 im. Boles\u0142awa III Krzywoustego w Ko\u0142obrzegu, ul. Piastowska 5 (poziom parteru, gabinet nr 6).<\/p>\n<p>\n\n\n<\/p>\n<p>Prosimy r\u00f3wnie\u017c o wskazywanie sprawy, kt\u00f3r\u0105 chcecie Pa\u0144stwo za\u0142atwi\u0107 w celu u\u0142atwienia i przy\u015bpieszenia jej za\u0142atwienia.<\/p>\n<p>\n\n\n<\/p>\n<p>Informujemy, \u017ce osoby nies\u0142ysz\u0105ce mog\u0105 r\u00f3wnie\u017c kontaktowa\u0107 si\u0119 z nami poprzez przes\u0142anie:<\/p>\n<p>\n\n\n<\/p>\n<ul class=\"wp-block-list\">\n\n<li>wiadomo\u015bci e-mail pod adres: branzowa@zs2.kolobrzeg.pl,<\/li>\n\n\n<li>faksu pod nr 94 35\u00a0239 36 w. 21 lub w. 14<\/li>\n\n<\/ul>\n<p>Ponadto informujemy, \u017ce podczas za\u0142atwiania spraw w szkole, osoba nies\u0142ysz\u0105ca mo\u017ce korzysta\u0107 z pomocy dowolnie wybranej przez siebie osoby, kt\u00f3ra b\u0119dzie jej towarzyszy\u0107 w celu u\u0142atwienia komunikacji (pomoc osoby przybranej).<\/p>\n<p>Wniosek o udost\u0119pnienie us\u0142ugi t\u0142umacza migowego mo\u017cna pobra\u0107 tutaj lub uzyska\u0107 w szkolnym sekretariacie. <\/p>\n<p>\n\n<\/p>\n<p>\n\n\n<\/p>\n\n\n<div class=\"wp-block-file\"><a id=\"wp-block-file--media-6372a294-a81f-48dc-beb3-bba332aedf52\" href=\"https:\/\/zs2kolobrzeg.pl\/wp-content\/uploads\/2021\/03\/Wniosek_o_udostepnienie_uslugi.pdf\">Wniosek o udost\u0119pnienie us\u0142ugi t\u0142umacza migowego<\/a><a href=\"https:\/\/zs2kolobrzeg.pl\/wp-content\/uploads\/2021\/03\/Wniosek_o_udostepnienie_uslugi.pdf\" class=\"wp-block-file__button wp-element-button\" download aria-describedby=\"wp-block-file--media-6372a294-a81f-48dc-beb3-bba332aedf52\">Pobierz<\/a><\/div>\n\n\n\n<p><br><\/p>\n\n\n\n<p><\/p>\n","protected":false},"excerpt":{"rendered":"<p>Deklaracja dost\u0119pno\u015bci Zespo\u0142u Szk\u00f3\u0142 nr 2 im. Boles\u0142awa III Krzywoustego w Ko\u0142obrzegu Zesp\u00f3\u0142 Szk\u00f3\u0142 nr 2 im. Boles\u0142awa III Krzywoustego w Ko\u0142obrzegu zobowi\u0105zuje si\u0119 zapewni\u0107<\/p>\n","protected":false},"author":1,"featured_media":0,"parent":0,"menu_order":0,"comment_status":"closed","ping_status":"closed","template":"","meta":{"footnotes":""},"class_list":["post-181","page","type-page","status-publish","hentry","two-columns"],"_links":{"self":[{"href":"https:\/\/zs2kolobrzeg.pl\/index.php\/wp-json\/wp\/v2\/pages\/181","targetHints":{"allow":["GET"]}}],"collection":[{"href":"https:\/\/zs2kolobrzeg.pl\/index.php\/wp-json\/wp\/v2\/pages"}],"about":[{"href":"https:\/\/zs2kolobrzeg.pl\/index.php\/wp-json\/wp\/v2\/types\/page"}],"author":[{"embeddable":true,"href":"https:\/\/zs2kolobrzeg.pl\/index.php\/wp-json\/wp\/v2\/users\/1"}],"replies":[{"embeddable":true,"href":"https:\/\/zs2kolobrzeg.pl\/index.php\/wp-json\/wp\/v2\/comments?post=181"}],"version-history":[{"count":26,"href":"https:\/\/zs2kolobrzeg.pl\/index.php\/wp-json\/wp\/v2\/pages\/181\/revisions"}],"predecessor-version":[{"id":4001,"href":"https:\/\/zs2kolobrzeg.pl\/index.php\/wp-json\/wp\/v2\/pages\/181\/revisions\/4001"}],"wp:attachment":[{"href":"https:\/\/zs2kolobrzeg.pl\/index.php\/wp-json\/wp\/v2\/media?parent=181"}],"curies":[{"name":"wp","href":"https:\/\/api.w.org\/{rel}","templated":true}]}}