{"id":920,"date":"2021-03-17T16:39:17","date_gmt":"2021-03-17T15:39:17","guid":{"rendered":"https:\/\/zs2kolobrzeg.pl\/?page_id=920"},"modified":"2025-03-27T10:10:49","modified_gmt":"2025-03-27T09:10:49","slug":"tekst-latwy-do-czytania-etr","status":"publish","type":"page","link":"https:\/\/zs2kolobrzeg.pl\/index.php\/tekst-latwy-do-czytania-etr\/","title":{"rendered":"Tekst \u0142atwy do czytania (ETR)"},"content":{"rendered":"\n<h2 class=\"wp-block-heading\">Gdzie si\u0119 znajdujemy<\/h2>\n\n\n\n<p>Zesp\u00f3\u0142 Szk\u00f3\u0142 nr 2 im. Boles\u0142awa III Krzywoustego w Ko\u0142obrzegu mie\u015bci si\u0119 w Ko\u0142obrzegu przy ul. Piastowskiej 5. Budynek ten jest siedzib\u0105 szko\u0142y.<\/p>\n\n\n\n<figure class=\"wp-block-image size-large\"><img loading=\"lazy\" decoding=\"async\" width=\"1024\" height=\"699\" src=\"https:\/\/zs2kolobrzeg.pl\/wp-content\/uploads\/2021\/03\/4-1024x699.jpg\" alt=\"Zdj\u0119cie przedstawia budynek szko\u0142y przy ulicy Piastowskiej 5 w Ko\u0142obrzegu\" class=\"wp-image-921\" srcset=\"https:\/\/zs2kolobrzeg.pl\/wp-content\/uploads\/2021\/03\/4-1024x699.jpg 1024w, https:\/\/zs2kolobrzeg.pl\/wp-content\/uploads\/2021\/03\/4-300x205.jpg 300w, https:\/\/zs2kolobrzeg.pl\/wp-content\/uploads\/2021\/03\/4-768x524.jpg 768w, https:\/\/zs2kolobrzeg.pl\/wp-content\/uploads\/2021\/03\/4-1536x1048.jpg 1536w, https:\/\/zs2kolobrzeg.pl\/wp-content\/uploads\/2021\/03\/4-1170x799.jpg 1170w, https:\/\/zs2kolobrzeg.pl\/wp-content\/uploads\/2021\/03\/4.jpg 1600w\" sizes=\"auto, (max-width: 1024px) 100vw, 1024px\" \/><figcaption class=\"wp-element-caption\">Zdj\u0119cie przedstawia budynek szko\u0142y przy ulicy Piastowskiej 5 w Ko\u0142obrzegu.<\/figcaption><\/figure>\n\n\n\n<p>W g\u0142\u00f3wnym budynku szko\u0142y odbywaj\u0105 si\u0119 zaj\u0119cia lekcyjne. Tutaj znajduj\u0105 si\u0119 gabinety kadry kierowniczej, pedagoga oraz sekretariat.<\/p>\n\n\n\n<p>Budynek ma dwa wej\u015bcia \u2013 wej\u015bcie g\u0142\u00f3wne od strony ul. Piastowskiej 5 oraz wej\u015bcie od strony ul. Wary\u0144skiego (przej\u015bcie w \u015bwietle budynku nr 8-8A od podw\u00f3rka).<\/p>\n\n\n\n<figure class=\"wp-block-image size-large\"><img loading=\"lazy\" decoding=\"async\" width=\"1024\" height=\"680\" src=\"https:\/\/zs2kolobrzeg.pl\/wp-content\/uploads\/2021\/03\/DSC_0237-1024x680.jpg\" alt=\"Zdj\u0119cie przedstawia wej\u015bcie g\u0142\u00f3wne do siedziby szko\u0142y, od ulicy Piastowskiej nr 5.\" class=\"wp-image-922\" srcset=\"https:\/\/zs2kolobrzeg.pl\/wp-content\/uploads\/2021\/03\/DSC_0237-1024x680.jpg 1024w, https:\/\/zs2kolobrzeg.pl\/wp-content\/uploads\/2021\/03\/DSC_0237-300x199.jpg 300w, https:\/\/zs2kolobrzeg.pl\/wp-content\/uploads\/2021\/03\/DSC_0237-768x510.jpg 768w, https:\/\/zs2kolobrzeg.pl\/wp-content\/uploads\/2021\/03\/DSC_0237-1536x1020.jpg 1536w, https:\/\/zs2kolobrzeg.pl\/wp-content\/uploads\/2021\/03\/DSC_0237-2048x1360.jpg 2048w, https:\/\/zs2kolobrzeg.pl\/wp-content\/uploads\/2021\/03\/DSC_0237-1170x777.jpg 1170w\" sizes=\"auto, (max-width: 1024px) 100vw, 1024px\" \/><figcaption class=\"wp-element-caption\">Zdj\u0119cie przedstawia wej\u015bcie g\u0142\u00f3wne do siedziby szko\u0142y, od ulicy Piastowskiej nr 5.<\/figcaption><\/figure>\n\n\n\n<figure class=\"wp-block-image size-large\"><img loading=\"lazy\" decoding=\"async\" width=\"1024\" height=\"867\" src=\"https:\/\/zs2kolobrzeg.pl\/wp-content\/uploads\/2021\/03\/DSC_0233-1024x867.jpg\" alt=\"Zdj\u0119cie przedstawia wej\u015bcie do szko\u0142y od ulicy Wary\u0144skiego (przej\u015bcie w \u015bwietle budynku nr 8-8A od podw\u00f3rka).\n\" class=\"wp-image-923\" srcset=\"https:\/\/zs2kolobrzeg.pl\/wp-content\/uploads\/2021\/03\/DSC_0233-1024x867.jpg 1024w, https:\/\/zs2kolobrzeg.pl\/wp-content\/uploads\/2021\/03\/DSC_0233-300x254.jpg 300w, https:\/\/zs2kolobrzeg.pl\/wp-content\/uploads\/2021\/03\/DSC_0233-768x651.jpg 768w, https:\/\/zs2kolobrzeg.pl\/wp-content\/uploads\/2021\/03\/DSC_0233-1536x1301.jpg 1536w, https:\/\/zs2kolobrzeg.pl\/wp-content\/uploads\/2021\/03\/DSC_0233-2048x1735.jpg 2048w, https:\/\/zs2kolobrzeg.pl\/wp-content\/uploads\/2021\/03\/DSC_0233-1170x991.jpg 1170w\" sizes=\"auto, (max-width: 1024px) 100vw, 1024px\" \/><figcaption class=\"wp-element-caption\">Zdj\u0119cie przedstawia wej\u015bcie do szko\u0142y od ulicy Wary\u0144skiego (przej\u015bcie w \u015bwietle budynku nr 8-8A od podw\u00f3rka).<br><\/figcaption><\/figure>\n\n\n\n<p>Szko\u0142a posiada r\u00f3wnie\u017c budynek przy ul. Piastowskiej 9.<\/p>\n\n\n\n<p>W budynku przy ul. Piastowskiej 9 odbywaj\u0105 si\u0119 zaj\u0119cia szkolne dla s\u0142uchaczy Centrum Kszta\u0142cenia Zawodowego. Znajduj\u0105 si\u0119 w nim r\u00f3wnie\u017c gabinet psychologa, kierownika szkolenia praktycznego, gabinet profilaktyki zdrowotnej i pomocy przedlekarskiej oraz pracownia gastronomiczna.<\/p>\n\n\n\n<p><br>Do budynku prowadz\u0105 dwa wej\u015bcia: od ul. Piastowskiej oraz od strony dziedzi\u0144ca- przej\u015bcie na dziedziniec drog\u0105 osiedlow\u0105 usytuowan\u0105 przy budynku mieszkalnym przy Pl. 18 Marca (po lewej stronie budynku szko\u0142y).<\/p>\n\n\n\n<figure class=\"wp-block-image size-large\"><img loading=\"lazy\" decoding=\"async\" width=\"1024\" height=\"680\" src=\"https:\/\/zs2kolobrzeg.pl\/wp-content\/uploads\/2021\/03\/DSC_0239-1024x680.jpg\" alt=\"Zdj\u0119cie przedstawia wej\u015bcie od ulicy ul. Piastowskiej.\" class=\"wp-image-924\" srcset=\"https:\/\/zs2kolobrzeg.pl\/wp-content\/uploads\/2021\/03\/DSC_0239-1024x680.jpg 1024w, https:\/\/zs2kolobrzeg.pl\/wp-content\/uploads\/2021\/03\/DSC_0239-300x199.jpg 300w, https:\/\/zs2kolobrzeg.pl\/wp-content\/uploads\/2021\/03\/DSC_0239-768x510.jpg 768w, https:\/\/zs2kolobrzeg.pl\/wp-content\/uploads\/2021\/03\/DSC_0239-1536x1020.jpg 1536w, https:\/\/zs2kolobrzeg.pl\/wp-content\/uploads\/2021\/03\/DSC_0239-2048x1360.jpg 2048w, https:\/\/zs2kolobrzeg.pl\/wp-content\/uploads\/2021\/03\/DSC_0239-1170x777.jpg 1170w\" sizes=\"auto, (max-width: 1024px) 100vw, 1024px\" \/><figcaption class=\"wp-element-caption\">Zdj\u0119cie przedstawia wej\u015bcie od ulicy ul. Piastowskiej.<\/figcaption><\/figure>\n\n\n\n<p>oraz od strony dziedzi\u0144ca- przej\u015bcie na dziedziniec drog\u0105 osiedlow\u0105 usytuowan\u0105 przy budynku mieszkalnym przy Pl. 18 Marca (po lewej stronie budynku szko\u0142y) &#8211; wej\u015bcie do pracowni gastronomicznej.<\/p>\n\n\n\n<figure class=\"wp-block-image size-large\"><img loading=\"lazy\" decoding=\"async\" width=\"1024\" height=\"680\" src=\"https:\/\/zs2kolobrzeg.pl\/wp-content\/uploads\/2021\/03\/DSC_0240-1024x680.jpg\" alt=\"Zdj\u0119cie przedstawia wej\u015bcie od strony dziedzi\u0144ca- przej\u015bcie na dziedziniec drog\u0105 osiedlow\u0105 usytuowan\u0105 przy budynku mieszkalnym przy Pl. 18 Marca (po lewej stronie budynku szko\u0142y).\" class=\"wp-image-925\" srcset=\"https:\/\/zs2kolobrzeg.pl\/wp-content\/uploads\/2021\/03\/DSC_0240-1024x680.jpg 1024w, https:\/\/zs2kolobrzeg.pl\/wp-content\/uploads\/2021\/03\/DSC_0240-300x199.jpg 300w, https:\/\/zs2kolobrzeg.pl\/wp-content\/uploads\/2021\/03\/DSC_0240-768x510.jpg 768w, https:\/\/zs2kolobrzeg.pl\/wp-content\/uploads\/2021\/03\/DSC_0240-1536x1020.jpg 1536w, https:\/\/zs2kolobrzeg.pl\/wp-content\/uploads\/2021\/03\/DSC_0240-2048x1360.jpg 2048w, https:\/\/zs2kolobrzeg.pl\/wp-content\/uploads\/2021\/03\/DSC_0240-1170x777.jpg 1170w\" sizes=\"auto, (max-width: 1024px) 100vw, 1024px\" \/><figcaption class=\"wp-element-caption\">Zdj\u0119cie przedstawia wej\u015bcie od strony dziedzi\u0144ca- przej\u015bcie na dziedziniec drog\u0105 osiedlow\u0105 usytuowan\u0105 przy budynku mieszkalnym przy Pl. 18 Marca (po lewej stronie budynku szko\u0142y).<\/figcaption><\/figure>\n\n\n\n<h2 class=\"wp-block-heading\">Kadra kierownicza<\/h2>\n\n\n\n<p>Dyrektorem Zespo\u0142u Szk\u00f3\u0142 nr 2 im. Boles\u0142awa III Krzywoustego w Ko\u0142obrzegu jest p. Magdalena Barna.<\/p>\n\n\n\n<p>Dyrektorowi w pracy pomagaj\u0105 Wicedyrektorzy oraz kadra kierownicza i inni pracownicy szko\u0142y.<\/p>\n\n\n\n<h2 class=\"wp-block-heading\">Czym zajmuje si\u0119 szko\u0142a<\/h2>\n\n\n\n<p>Jeste\u015bmy szko\u0142a publiczn\u0105, ponadpodstawow\u0105, kszta\u0142cimy do pracy w zawodach.<br>Nauka w szkole jest bezp\u0142atna.<br>Nauka w szkole umo\u017cliwia:<br>&#8211; zdobycie wiedzy i umiej\u0119tno\u015bci niezb\u0119dnych do zdobycia \u015bwiadectwa uko\u0144czenia bran\u017cowej szko\u0142y I stopnia, bran\u017cowej szko\u0142y II stopnia lub \u015bwiadectwa uko\u0144czenia technikum;<br>&#8211; rozw\u00f3j zainteresowa\u0144 i talent\u00f3w,<br>&#8211; przygotowanie do egzamin\u00f3w zewn\u0119trznych potwierdzaj\u0105cych kwalifikacje w zawodzie.<\/p>\n\n\n\n<h2 class=\"wp-block-heading\">Kontakt z pracownikami szko\u0142y<\/h2>\n\n\n\n<p>Zapraszamy do sekretariatu szko\u0142y od poniedzia\u0142ku do pi\u0105tku w godzinach od 7:30 do 15:30.<br>Je\u015bli chcesz si\u0119 z nami skontaktowa\u0107 telefonicznie, zadzwo\u0144 na numer 94 352 39 36.<br>Mo\u017cesz te\u017c wys\u0142a\u0107 e-mail na adres: zs2@kolobrzeg.powiat.pl.<br>Mo\u017cesz r\u00f3wnie\u017c napisa\u0107 pismo i wys\u0142a\u0107 je na adres:<br>Zesp\u00f3\u0142 Szk\u00f3\u0142 nr 2 im. Boles\u0142awa III Krzywoustego w Ko\u0142obrzegu<br>ul. Piastowska 5<br>78-100 Ko\u0142obrzeg<\/p>\n\n\n\n<h2 class=\"wp-block-heading\">Dost\u0119p alternatywny<\/h2>\n\n\n\n<h2 class=\"wp-block-heading\">\u017beby za\u0142atwi\u0107 sprawy w szkole osoby ze szczeg\u00f3lnymi potrzebami mog\u0105:<\/h2>\n\n\n\n<p>1) napisa\u0107 pismo i wys\u0142a\u0107 je na adres:<br>Zesp\u00f3\u0142 Szk\u00f3\u0142 nr 2 im. Boles\u0142awa III Krzywoustego w Ko\u0142obrzegu<br>ul. Piastowska 5<br>78-100 Ko\u0142obrzeg<br>2) przynie\u015b\u0107 pismo do sekretariatu<br>3) wys\u0142a\u0107 wiadomo\u015b\u0107 poczt\u0105 elektroniczn\u0105 na adres: zs2@kolobrzeg.powiat.pl lub b_sta\u0144czyk@zs2kolobrzeg.com<br>4) wys\u0142a\u0107 wiadomo\u015b\u0107 przy u\u017cyciu profilu zaufanego poprzez ePUAP lub e-Dor\u0119czenia<br>adres skrytki ESP na ePUAP2: \/ZS2BIIIK_Kol\/SkrytkaESP<br>e-Dor\u0119czenia: AE:PL-82745-52393-SHFCU-22<br>5) wys\u0142a\u0107 fax na numer 943523936 wewn\u0119trzny 17<br>6) skontaktowa\u0107 si\u0119 telefonicznie: numer telefonu 943523936 w.21<\/p>\n\n\n\n<p>W celu zapewnienia za\u0142atwienia sprawy w spos\u00f3b zgodny z zapotrzebowaniem osoby ze szczeg\u00f3lnymi potrzebami mo\u017cna kontaktowa\u0107 si\u0119 z nami w wybrany, wy\u017cej wskazany spos\u00f3b. Do\u0142o\u017cymy wszelkich stara\u0144, by zapewni\u0107 dost\u0119p do wybranej us\u0142ugi\/informacji.<\/p>\n\n\n\n<h2 class=\"wp-block-heading\">Sekretariat<\/h2>\n\n\n\n<p>Sekretariat to miejsce, w kt\u00f3rym mo\u017cna zostawi\u0107 pisma, podania i dokumenty. Tutaj mo\u017cesz wzi\u0105\u0107 specjalne druki, kt\u00f3re b\u0119d\u0105 potrzebne do za\u0142atwienia sprawy w szkole.<\/p>\n\n\n\n<h2 class=\"wp-block-heading\">Jak trafi\u0107 do sekretariatu?<\/h2>\n\n\n\n<p>Wchodzisz wej\u015bciem g\u0142\u00f3wnym \u2013 od strony ul. Piastowskiej 5<\/p>\n\n\n\n<p>Gdy wejdziesz do budynku zobaczysz tablic\u0119 informacyjn\u0105.<br>Kiedy spojrzysz w prawo zobaczysz du\u017cy hol, na ko\u0144cu kt\u00f3rego znajduje si\u0119 sekretariat.<\/p>\n\n\n\n<p>Hol, sekretariat mie\u015bci si\u0119 tam, gdzie widzisz otwarte drzwi<\/p>\n\n\n\n<figure class=\"wp-block-image size-large\"><img loading=\"lazy\" decoding=\"async\" width=\"1024\" height=\"680\" src=\"https:\/\/zs2kolobrzeg.pl\/wp-content\/uploads\/2021\/03\/DSC_022aaa9-1-1024x680.jpg\" alt=\"Zdj\u0119cie przedstawia hol, na ko\u0144cu kt\u00f3rego mie\u015bci si\u0119 sekretariat.\" class=\"wp-image-926\" srcset=\"https:\/\/zs2kolobrzeg.pl\/wp-content\/uploads\/2021\/03\/DSC_022aaa9-1-1024x680.jpg 1024w, https:\/\/zs2kolobrzeg.pl\/wp-content\/uploads\/2021\/03\/DSC_022aaa9-1-300x199.jpg 300w, https:\/\/zs2kolobrzeg.pl\/wp-content\/uploads\/2021\/03\/DSC_022aaa9-1-768x510.jpg 768w, https:\/\/zs2kolobrzeg.pl\/wp-content\/uploads\/2021\/03\/DSC_022aaa9-1-1536x1020.jpg 1536w, https:\/\/zs2kolobrzeg.pl\/wp-content\/uploads\/2021\/03\/DSC_022aaa9-1-2048x1360.jpg 2048w, https:\/\/zs2kolobrzeg.pl\/wp-content\/uploads\/2021\/03\/DSC_022aaa9-1-1170x777.jpg 1170w\" sizes=\"auto, (max-width: 1024px) 100vw, 1024px\" \/><figcaption class=\"wp-element-caption\">Zdj\u0119cie przedstawia hol, na ko\u0144cu kt\u00f3rego mie\u015bci si\u0119 sekretariat.<\/figcaption><\/figure>\n\n\n\n<p>Tak wygl\u0105da wej\u015bcie do sekretariatu.<\/p>\n\n\n\n<figure class=\"wp-block-image size-large is-resized\"><img loading=\"lazy\" decoding=\"async\" width=\"1024\" height=\"680\" src=\"https:\/\/zs2kolobrzeg.pl\/wp-content\/uploads\/2021\/03\/DSC_0230-1024x680.jpg\" alt=\"Zdj\u0119cie przedstawia wej\u015bcie do sekretariatu.\" class=\"wp-image-927\" style=\"width:580px;height:385px\" srcset=\"https:\/\/zs2kolobrzeg.pl\/wp-content\/uploads\/2021\/03\/DSC_0230-1024x680.jpg 1024w, https:\/\/zs2kolobrzeg.pl\/wp-content\/uploads\/2021\/03\/DSC_0230-300x199.jpg 300w, https:\/\/zs2kolobrzeg.pl\/wp-content\/uploads\/2021\/03\/DSC_0230-768x510.jpg 768w, https:\/\/zs2kolobrzeg.pl\/wp-content\/uploads\/2021\/03\/DSC_0230-1536x1020.jpg 1536w, https:\/\/zs2kolobrzeg.pl\/wp-content\/uploads\/2021\/03\/DSC_0230-2048x1360.jpg 2048w, https:\/\/zs2kolobrzeg.pl\/wp-content\/uploads\/2021\/03\/DSC_0230-1170x777.jpg 1170w\" sizes=\"auto, (max-width: 1024px) 100vw, 1024px\" \/><figcaption class=\"wp-element-caption\">Zdj\u0119cie przedstawia wej\u015bcie do sekretariatu.<\/figcaption><\/figure>\n\n\n\n<h2 class=\"wp-block-heading\"><strong>Do budynk\u00f3w szko\u0142y mo\u017cna wej\u015b\u0107 z psem asystuj\u0105cym i psem przewodnikiem.<\/strong><\/h2>\n\n\n\n<h2 class=\"wp-block-heading\">Je\u015bli jeste\u015b osob\u0105 s\u0142abos\u0142ysz\u0105c\u0105 lub g\u0142uchoniem\u0105<\/h2>\n\n\n\n<p>Gdy jeste\u015b zainteresowany pomoc\u0105 t\u0142umacza migowego prosimy, by\u015b zg\u0142osi\u0107 potrzeb\u0119 skorzystania z pomocy w terminie co najmniej na 3 dni robocze przed wizyt\u0105 w szkole.<\/p>\n\n\n\n<p>Prosimy r\u00f3wnie\u017c o wskazywanie sprawy, kt\u00f3r\u0105 chcecie Pa\u0144stwo za\u0142atwi\u0107 w celu u\u0142atwienia i przy\u015bpieszenia jej za\u0142atwienia.<\/p>\n\n\n\n<p>Informujemy, \u017ce osoby nies\u0142ysz\u0105ce mog\u0105 r\u00f3wnie\u017c kontaktowa\u0107 si\u0119 ze szko\u0142\u0105 poprzez przes\u0142anie: <\/p>\n\n\n\n<p>wiadomo\u015bci e-mail pod adres: zs2@kolobrzeg.powiat.pl,<br>wys\u0142ania faksu pod nr 94 3523936 wewn\u0119trzny 17.<\/p>\n\n\n\n<p><strong>Informujemy, \u017ce podczas za\u0142atwiania spraw w szkole zawsze mo\u017ce korzysta\u0107 z pomocy dowolnie wybranej przez siebie osoby, kt\u00f3ra b\u0119dzie jej towarzyszy\u0107 w celu u\u0142atwienia komunikacji.<\/strong><\/p>\n\n\n\n<div class=\"wp-block-file\"><a id=\"wp-block-file--media-f4b240b6-f351-4ab3-af8a-416f83319b4b\" href=\"https:\/\/zs2kolobrzeg.pl\/wp-content\/uploads\/2021\/03\/Wniosek_o_udostepnienie_uslugi.pdf\">Wniosek o udost\u0119pnienie us\u0142ugi t\u0142umacza migowego<\/a><a href=\"https:\/\/zs2kolobrzeg.pl\/wp-content\/uploads\/2021\/03\/Wniosek_o_udostepnienie_uslugi.pdf\" class=\"wp-block-file__button wp-element-button\" download aria-describedby=\"wp-block-file--media-f4b240b6-f351-4ab3-af8a-416f83319b4b\">Pobierz<\/a><\/div>\n\n\n\n<h2 class=\"wp-block-heading\">Toalety dla os\u00f3b niepe\u0142nosprawnych<\/h2>\n\n\n\n<p>W budynkach szko\u0142y nie ma toalet dla os\u00f3b niepe\u0142nosprawnych.<\/p>\n\n\n\n<h2 class=\"wp-block-heading\">Je\u015bli przyjedziesz do nas autem<\/h2>\n\n\n\n<p>Przed wej\u015bciami do budynku znajduj\u0105 si\u0119 jedynie og\u00f3lnodost\u0119pne miejsca parkingowe. Brak miejsc parkingowych przeznaczonych dla os\u00f3b niepe\u0142nosprawnych. Brak miejsc dla os\u00f3b niepe\u0142nosprawnych.<\/p>\n\n\n\n<div class=\"wp-block-file\"><a id=\"wp-block-file--media-72dd1b45-a100-41a7-af28-aaed2d83ddd4\" href=\"https:\/\/zs2kolobrzeg.pl\/wp-content\/uploads\/2021\/03\/ETR.pdf\">ETR Tekst \u0142atwy do czytania do pobrania w pliku PDF<\/a><a href=\"https:\/\/zs2kolobrzeg.pl\/wp-content\/uploads\/2021\/03\/ETR.pdf\" class=\"wp-block-file__button wp-element-button\" download aria-describedby=\"wp-block-file--media-72dd1b45-a100-41a7-af28-aaed2d83ddd4\">Pobierz<\/a><\/div>\n","protected":false},"excerpt":{"rendered":"<p>Gdzie si\u0119 znajdujemy Zesp\u00f3\u0142 Szk\u00f3\u0142 nr 2 im. Boles\u0142awa III Krzywoustego w Ko\u0142obrzegu mie\u015bci si\u0119 w Ko\u0142obrzegu przy ul. Piastowskiej 5. Budynek ten jest siedzib\u0105<\/p>\n","protected":false},"author":1,"featured_media":0,"parent":0,"menu_order":0,"comment_status":"closed","ping_status":"closed","template":"","meta":{"footnotes":""},"class_list":["post-920","page","type-page","status-publish","hentry","two-columns"],"_links":{"self":[{"href":"https:\/\/zs2kolobrzeg.pl\/index.php\/wp-json\/wp\/v2\/pages\/920","targetHints":{"allow":["GET"]}}],"collection":[{"href":"https:\/\/zs2kolobrzeg.pl\/index.php\/wp-json\/wp\/v2\/pages"}],"about":[{"href":"https:\/\/zs2kolobrzeg.pl\/index.php\/wp-json\/wp\/v2\/types\/page"}],"author":[{"embeddable":true,"href":"https:\/\/zs2kolobrzeg.pl\/index.php\/wp-json\/wp\/v2\/users\/1"}],"replies":[{"embeddable":true,"href":"https:\/\/zs2kolobrzeg.pl\/index.php\/wp-json\/wp\/v2\/comments?post=920"}],"version-history":[{"count":9,"href":"https:\/\/zs2kolobrzeg.pl\/index.php\/wp-json\/wp\/v2\/pages\/920\/revisions"}],"predecessor-version":[{"id":3695,"href":"https:\/\/zs2kolobrzeg.pl\/index.php\/wp-json\/wp\/v2\/pages\/920\/revisions\/3695"}],"wp:attachment":[{"href":"https:\/\/zs2kolobrzeg.pl\/index.php\/wp-json\/wp\/v2\/media?parent=920"}],"curies":[{"name":"wp","href":"https:\/\/api.w.org\/{rel}","templated":true}]}}